{"id":204,"date":"2026-02-25T09:38:05","date_gmt":"2026-02-25T08:38:05","guid":{"rendered":"https:\/\/blauetanke.net\/strona-glowna\/"},"modified":"2026-04-24T11:08:03","modified_gmt":"2026-04-24T09:08:03","slug":"strona-glowna","status":"publish","type":"page","link":"https:\/\/blauetanke.net\/pl\/","title":{"rendered":"Strona g\u0142\u00f3wna"},"content":{"rendered":"\n<div id=\"gaveg_header_block_18e924214325885b721e02423126d56d\"class=\"block_gaveg block_gaveg-header  \" style=\"background-image: url(https:\/\/blauetanke.net\/wp-content\/uploads\/sites\/2\/2026\/04\/20251113_122855000_iOS-1-2-1-scaled.png);\">\n    <div class=\"container\">\n        <div class=\"row\">\n            <h1>Serdecznie witamy<br>w Blaue Tanke!<\/h1>\n            <h3 class=\"fw-400\"><\/h3>\n        <\/div>\n    <\/div>\n<\/div>\n\n\n<div id=\"gaveg_headline-text_block_bd7f2a251985349456099bef8ea6e9b0\"class=\"block_gaveg block_gaveg-headline-text  \">\n    <div class=\"container\">\n        <div class=\"row\">\n                            <div class=\"text-wrapper col-12 col-lg-6\">\n                    <h4 class=\"color-primary-color\">Blaue Tanke<\/h4>\n                <\/div>\n                <div class=\"col-12 col-lg-6 color-primary-color\">\n                                <h2 class=\"color-primary-color mb-5\">Ju\u017c od 2002 roku dzia\u0142amy w bran\u017cy gazowej \u2013 z do\u015bwiadczeniem, niezawodno\u015bci\u0105 i ambicj\u0105 dostarczania zr\u00f3wnowa\u017conej energii na przysz\u0142o\u015b\u0107.<\/h2>\n                <p class=\"color-primary-color\">Wraz z budow\u0105 pierwszej stacji \u201eBlaue Tank\u201d w 2023 roku w Herleshausen rozpocz\u0119li\u015bmy rozbudow\u0119 naszej w\u0142asnej sieci stacji BIO-LNG. W grudniu 2024 roku powsta\u0142a druga stacja w Himmelkron. Obie stacje wyposa\u017cone s\u0105 w nowoczesne instalacje z zbiornikiem o pojemno\u015bci 70 000 litr\u00f3w i zapewniaj\u0105 niezawodne, bezpieczne dostawy w dogodnych lokalizacjach. Planujemy ju\u017c kolejne lokalizacje, aby stale rozbudowywa\u0107 nasz\u0105 sie\u0107.<\/p>\n                                <a class=\"color-primary-color mt-4 btn \" href=\"#\">\n                    Dowiedz si\u0119 wi\u0119cej                    <svg class=\"ms-2\" width=\"19\" height=\"15\" viewBox=\"0 0 19 15\" fill=\"none\" xmlns=\"http:\/\/www.w3.org\/2000\/svg\">\n                        <path d=\"M18.7071 8.07112C19.0976 7.6806 19.0976 7.04743 18.7071 6.65691L12.3431 0.292946C11.9526 -0.0975785 11.3195 -0.0975785 10.9289 0.292946C10.5384 0.68347 10.5384 1.31664 10.9289 1.70716L16.5858 7.36401L10.9289 13.0209C10.5384 13.4114 10.5384 14.0446 10.9289 14.4351C11.3195 14.8256 11.9526 14.8256 12.3431 14.4351L18.7071 8.07112ZM0 7.36401V8.36401H18V7.36401V6.36401H0V7.36401Z\" fill=\"#00427F\"\/>\n                        <\/svg>                <\/a>\n                            <\/div>\n        <\/div>\n    <\/div>\n<\/div>\n\n\n<div id=\"gaveg_accordion_block_5acabd524adb6b0ac18199760cdccde4\" class=\"block_gaveg block_gaveg-accordion  pt-0\">\n    <div class=\"container bg-default-bg\">\n        <div class=\"row\">\n             <div class=\"col-12 offset-lg-6 col-lg-6\">             \n                                \n                <div class=\"accordion mt-5\" id=\"accordionblock_5acabd524adb6b0ac18199760cdccde4\">\n                                                <div class=\"accordion-item mb-4\">\n                                <h2 class=\"accordion-header pt-4\" id=\"headingblaue-tanke-herleshausen\">\n                                    <button class=\"accordion-button collapsed h4\" type=\"button\" data-bs-toggle=\"collapse\" data-bs-target=\"#collapseblaue-tanke-herleshausen\" aria-expanded=\"true\" aria-controls=\"collapseblaue-tanke-herleshausen\">\n                                        Blaue Tanke Herleshausen                                    <\/button>\n                                <\/h2>\n                                <div id=\"collapseblaue-tanke-herleshausen\" class=\"accordion-collapse collapse\" aria-labelledby=\"headingblaue-tanke-herleshausen\" data-bs-parent=\"#accordionblock_5acabd524adb6b0ac18199760cdccde4\">\n                                    <div class=\"accordion-body pt-0\">\n                                        Brandenburgstra\u00dfe 6<br>\r\n37293 Herleshausen\r\n<br>\r\n<a target=\"_blank\" class=\"color-primary-color mt-4 btn\" href=\"https:\/\/maps.app.goo.gl\/wZozGSuY5LFyeBLR7\">\r\n\tRoute berechnen\r\n\t<svg class=\"ms-2\" width=\"19\" height=\"15\" viewBox=\"0 0 19 15\" fill=\"none\" xmlns=\"http:\/\/www.w3.org\/2000\/svg\">\r\n\t\t<path d=\"M18.7071 8.07112C19.0976 7.6806 19.0976 7.04743 18.7071 6.65691L12.3431 0.292946C11.9526 -0.0975785 11.3195 -0.0975785 10.9289 0.292946C10.5384 0.68347 10.5384 1.31664 10.9289 1.70716L16.5858 7.36401L10.9289 13.0209C10.5384 13.4114 10.5384 14.0446 10.9289 14.4351C11.3195 14.8256 11.9526 14.8256 12.3431 14.4351L18.7071 8.07112ZM0 7.36401V8.36401H18V7.36401V6.36401H0V7.36401Z\" fill=\"#00427F\"><\/path>\r\n\t<\/svg>\r\n<\/a>                                    <\/div>\n                                <\/div>\n                            <\/div>\n                                                        <div class=\"accordion-item mb-4\">\n                                <h2 class=\"accordion-header pt-4\" id=\"headingblaue-tanke-himmelkron\">\n                                    <button class=\"accordion-button collapsed h4\" type=\"button\" data-bs-toggle=\"collapse\" data-bs-target=\"#collapseblaue-tanke-himmelkron\" aria-expanded=\"true\" aria-controls=\"collapseblaue-tanke-himmelkron\">\n                                        Blaue Tanke Himmelkron                                    <\/button>\n                                <\/h2>\n                                <div id=\"collapseblaue-tanke-himmelkron\" class=\"accordion-collapse collapse\" aria-labelledby=\"headingblaue-tanke-himmelkron\" data-bs-parent=\"#accordionblock_5acabd524adb6b0ac18199760cdccde4\">\n                                    <div class=\"accordion-body pt-0\">\n                                        Frankenring 2<br>\r\n95502 Himmelkron\r\n<br>\r\n<a target=\"_blank\" class=\"color-primary-color mt-4 btn\" href=\"https:\/\/maps.app.goo.gl\/yECtnKQDsL8PoGPD6\">\r\n\tRoute berechnen\r\n\t<svg class=\"ms-2\" width=\"19\" height=\"15\" viewBox=\"0 0 19 15\" fill=\"none\" xmlns=\"http:\/\/www.w3.org\/2000\/svg\">\r\n\t\t<path d=\"M18.7071 8.07112C19.0976 7.6806 19.0976 7.04743 18.7071 6.65691L12.3431 0.292946C11.9526 -0.0975785 11.3195 -0.0975785 10.9289 0.292946C10.5384 0.68347 10.5384 1.31664 10.9289 1.70716L16.5858 7.36401L10.9289 13.0209C10.5384 13.4114 10.5384 14.0446 10.9289 14.4351C11.3195 14.8256 11.9526 14.8256 12.3431 14.4351L18.7071 8.07112ZM0 7.36401V8.36401H18V7.36401V6.36401H0V7.36401Z\" fill=\"#00427F\"><\/path>\r\n\t<\/svg>\r\n<\/a>                                    <\/div>\n                                <\/div>\n                            <\/div>\n                                            <\/div>\n            <\/div>\n        <\/div>\n    <\/div>\n<\/div>\n\n\n<div id=\"gaveg_accordion_block_3d96b3f5b1019aa358bdfda8b043110f\" class=\"block_gaveg block_gaveg-accordion bg-primary-bg  \">\n    <div class=\"container \">\n        <div class=\"row\">\n            <div class=\"col-12 col-lg-6 img-col\">\n                <img decoding=\"async\" class=\"w-100\" src=\"https:\/\/blauetanke.net\/wp-content\/uploads\/sites\/2\/2026\/04\/20251113_122856000_iOS-1.png\" alt=\"\" \/>\n            <\/div>\n            <div class=\"col-12 col-lg-6\">\n                                        <h4 class=\"mb-5\">LNG<\/h4>\n                                        <h2>Czym jest LNG \u2013 i do czego jest wykorzystywane?<\/h2>\n                <p class=\"mb-4\"><br>LNG (Liquefied Natural Gas) to sch\u0142odzony, skroplony gaz ziemny. Dzi\u0119ki sch\u0142odzeniu do temperatury oko\u0142o \u2013162 \u00b0C gaz przechodzi w stan ciek\u0142y, a jego <strong>obj\u0119to\u015b\u0107 zmniejsza si\u0119 do oko\u0142o jednej sze\u015b\u0107setnej<\/strong>. Umo\u017cliwia to efektywne magazynowanie i ekonomiczny transport du\u017cych ilo\u015bci energii.\r\n\r\nLNG jest stosowany przede wszystkim tam, gdzie <strong>potrzebna jest<\/strong> mocna i <strong>czysta energia<\/strong> \u2013 zw\u0142aszcza w <strong>transporcie ci\u0119\u017carowym<\/strong>, w <strong>\u017cegludze<\/strong> oraz w <strong>zastosowaniach przemys\u0142owych<\/strong>.\r\n\r\nW por\u00f3wnaniu z olejem nap\u0119dowym lub ci\u0119\u017ckim olejem opa\u0142owym LNG powoduje nawet o <strong>20% mniejsz\u0105 emisj\u0119 CO\u2082<\/strong>, praktycznie <strong>brak emisji py\u0142u zawieszonego<\/strong> oraz znacznie ni\u017csze warto\u015bci tlenk\u00f3w azotu. <strong>Dzi\u0119ki temu stanowi ekonomiczn\u0105 i bardziej przyjazn\u0105 dla \u015brodowiska alternatyw\u0119 dla konwencjonalnych paliw \u2013 bez utraty mocy i zasi\u0119gu.<\/strong>\r\n\r\nW naszych niebieskich stacjach tankowania LNG firmy transportowe i klienci przemys\u0142owi korzystaj\u0105 z niezawodnych dostaw, kr\u00f3tkiego czasu tankowania oraz wysokiego poziomu bezpiecze\u0144stwa technicznego.<\/p>\n\n                <div class=\"lists mt-5\">\n                                                <div class=\"list-item mb-4\">\n                                <div class=\"title-wrapper pt-4\">\n                                    <h4><h2 class=\"mb-4\">Zalety LNG w transporcie ci\u0119\u017ckim<\/h2><\/h4>\n                                <\/div>\n                                <div class=\"list-body\">\n                                    <p>Wykorzystanie LNG (skroplonego gazu ziemnego) w transporcie ci\u0119\u017carowym \u0142\u0105czy <strong>efektywno\u015b\u0107 ekonomiczn\u0105 z odpowiedzialno\u015bci\u0105 ekologiczn\u0105<\/strong>. W por\u00f3wnaniu z olejem nap\u0119dowym LNG spala si\u0119 znacznie czystiej: emisja CO\u2082 spada nawet o 20 procent, tlenk\u00f3w azotu nawet o 85 procent, a py\u0142 zawieszony praktycznie nie powstaje. W ten spos\u00f3b przedsi\u0119biorstwa transportowe aktywnie przyczyniaj\u0105 si\u0119 do redukcji emisji gaz\u00f3w cieplarnianych i przestrzegania ustawowych wymog\u00f3w \u015brodowiskowych.<\/p>\n<p>LNG przekonuje r\u00f3wnie\u017c pod wzgl\u0119dem ekonomicznym. Firmy spedycyjne korzystaj\u0105 ze <strong>stabilnych cen energii, ni\u017cszych koszt\u00f3w op\u0142at drogowych<\/strong> oraz <strong>korzy\u015bci podatkowych<\/strong>, co sprawia, \u017ce eksploatacja pojazd\u00f3w na LNG jest atrakcyjna w perspektywie d\u0142ugoterminowej. Jednocze\u015bnie nowoczesne ci\u0119\u017car\u00f3wki na LNG oferuj\u0105 zasi\u0119g do 1600 kilometr\u00f3w przy mocy zbli\u017conej do silnik\u00f3w wysokopr\u0119\u017cnych \u2013 co idealnie sprawdza si\u0119 w mi\u0119dzynarodowym transporcie dalekobie\u017cnym.<\/p>\n<p>Kolejn\u0105 zalet\u0105 jest cicha praca silnik\u00f3w, co stanowi atut zw\u0142aszcza podczas jazdy noc\u0105 i dostaw w centrach miast. Ponadto LNG jest uwa\u017cany za technologi\u0119 przysz\u0142o\u015bci: dzi\u0119ki rosn\u0105cemu wykorzystaniu bio-LNG, wytwarzanego z biogenicznych odpad\u00f3w, transport ci\u0119\u017carowy b\u0119dzie m\u00f3g\u0142 w przysz\u0142o\u015bci funkcjonowa\u0107 niemal bez emisji CO\u2082.<\/p>\n<p><strong>W ten spos\u00f3b LNG stanowi dzi\u015b wydajn\u0105, ekonomiczn\u0105 i zr\u00f3wnowa\u017con\u0105 alternatyw\u0119 w transporcie towarowym \u2013 i jest decyduj\u0105cym krokiem na drodze do logistyki bardziej przyjaznej dla klimatu.<\/strong><\/p>\n                                <\/div>\n                            <\/div>\n                                            <\/div>\n                            <\/div>\n        <\/div>\n    <\/div>\n    <\/div>\n\n\n<div id=\"gaveg_headline-text_block_39b44fe5a766d53a88df64aa8820365e\"class=\"block_gaveg block_gaveg-headline-text  \">\n    <div class=\"container\">\n        <div class=\"row\">\n                            <div class=\"text-wrapper col-12 col-lg-6\">\n                    <h4 class=\"color-primary-color\">Karta klienta<\/h4>\n                <\/div>\n                <div class=\"col-12 col-lg-6 color-primary-color\">\n                                <h2 class=\"color-primary-color mb-5\">Twoja karta flotowa LNG Blaue Tanke \u2013 ju\u017c teraz zapewnij sobie korzy\u015bci cenowe na 2026 rok!<\/h2>\n                <p class=\"color-primary-color\">Dzi\u0119ki karcie flotowej Blaue Tanke LNG zyskuj\u0105 Pa\u0144stwo <b>wygodne<\/b> i <b>efektywne rozwi\u0105zanie<\/b> do <b>codziennego tankowania. <\/b> Karta umo\u017cliwia Pa\u0144stwu <b>dost\u0119p 24\/7<\/b> do naszych <b>nowoczesnych stacji tankowania LNG<\/b> w Himmelkron i Herleshausen \u2013 niezawodnych, bezpiecznych i optymalnie po\u0142o\u017conych przy wa\u017cnych szlakach komunikacyjnych.\r\n \r\nJako posiadacze karty otrzymuj\u0105 Pa\u0144stwo <b>10 cent\u00f3w zni\u017cki<\/b> od aktualnej ceny na dystrybutorze \u2013 automatycznie i przy ka\u017cdym tankowaniu. <b>W ten spos\u00f3b na sta\u0142e korzystaj\u0105 Pa\u0144stwo z uczciwych warunk\u00f3w i pe\u0142nej przejrzysto\u015bci koszt\u00f3w.<\/b>\r\n\r\nRegularne zestawienie zu\u017cycia zapewnia <b>przejrzysto\u015b\u0107<\/b> wszystkich operacji tankowania i stanowi optymalne wsparcie w zarz\u0105dzaniu flot\u0105 oraz ksi\u0119gowo\u015bci. Rozliczenia odbywaj\u0105 si\u0119 co 14 dni, centralnie i w prosty spos\u00f3b, co pozwala optymalnie kontrolowa\u0107 nak\u0142ady administracyjne i planowanie p\u0142ynno\u015bci finansowej.\r\n\r\nDodatkowo do ka\u017cdej dostawy otrzymuj\u0105 Pa\u0144stwo <b>certyfikat zr\u00f3wnowa\u017conego rozwoju<\/b> dla dostarczonego BIO-LNG, dzi\u0119ki czemu mog\u0105 Pa\u0144stwo dokumentowa\u0107 sw\u00f3j bilans CO\u2082 i <b>w spos\u00f3b weryfikowalny wspiera\u0107 swoje cele w zakresie zr\u00f3wnowa\u017conego rozwoju. <\/b> W przypadku wi\u0119kszych ilo\u015bci odbioru ch\u0119tnie przygotujemy dla Pa\u0144stwa <b>indywidualn\u0105 ofert\u0119.<\/b> Po uzgodnieniu mo\u017cliwe s\u0105 r\u00f3wnie\u017c sta\u0142e ceny roczne \u2013 w zale\u017cno\u015bci od miesi\u0119cznej lub rocznej ilo\u015bci odbioru. W ten spos\u00f3b zapewniaj\u0105 Pa\u0144stwo sobie pewno\u015b\u0107 planowania i maksymaln\u0105 op\u0142acalno\u015b\u0107 dla swojej floty.\r\n\r\n<b>Prosimy o kontakt w celu uzyskania dalszych informacji lub indywidualnej oferty \u2013 ch\u0119tnie Pa\u0144stwu doradzimy.<\/b><\/p>\n                                <a class=\"color-primary-color mt-4 btn btn-red\" href=\"#\">\n                    Skontaktuj si\u0119                    <svg class=\"ms-3\" width=\"40\" height=\"40\" viewBox=\"0 0 40 40\" fill=\"none\" xmlns=\"http:\/\/www.w3.org\/2000\/svg\">\n                        <circle cx=\"20\" cy=\"20\" r=\"20\" fill=\"white\"><\/circle>\n                        <path d=\"M10 19C9.44772 19 9 19.4477 9 20C9 20.5523 9.44772 21 10 21V20V19ZM30.7071 20.7071C31.0976 20.3166 31.0976 19.6834 30.7071 19.2929L24.3431 12.9289C23.9526 12.5384 23.3195 12.5384 22.9289 12.9289C22.5384 13.3195 22.5384 13.9526 22.9289 14.3431L28.5858 20L22.9289 25.6569C22.5384 26.0474 22.5384 26.6805 22.9289 27.0711C23.3195 27.4616 23.9526 27.4616 24.3431 27.0711L30.7071 20.7071ZM10 20V21H30V20V19H10V20Z\" fill=\"#EF2E32\"><\/path>\n                        <\/svg>                <\/a>\n                            <\/div>\n        <\/div>\n    <\/div>\n<\/div>\n\n\n<div id=\"gaveg_big-img-small_block_2038010e0d07fd4b57756c5fee86c674\"class=\"block_gaveg block_gaveg-big-img-small  \">\n    <div class=\"container\">\n        <div class=\"row\">\n            <div class=\"col-12 col-md-6 col-lg-8 mb-4 mb-md-0\">\n                <img decoding=\"async\" class=\"w-100\" src=\"https:\/\/blauetanke.net\/wp-content\/uploads\/sites\/2\/2026\/04\/Rectangle-9.png\" alt=\"\" \/>\n            <\/div>\n            <div class=\"col-12 col-md-6 col-lg-4\">\n                <img decoding=\"async\" class=\"w-100\" src=\"https:\/\/blauetanke.net\/wp-content\/uploads\/sites\/2\/2026\/04\/Rectangle-10.png\" alt=\"\" \/>\n            <\/div>\n        <\/div>\n    <\/div>\n<\/div>","protected":false},"excerpt":{"rendered":"","protected":false},"author":1,"featured_media":0,"parent":0,"menu_order":0,"comment_status":"closed","ping_status":"closed","template":"","meta":{"_acf_changed":false,"footnotes":""},"class_list":["post-204","page","type-page","status-publish","hentry"],"acf":[],"yoast_head":"<!-- This site is optimized with the Yoast SEO plugin v27.3 - https:\/\/yoast.com\/product\/yoast-seo-wordpress\/ -->\n<title>Strona g\u0142\u00f3wna - BlaueTanke<\/title>\n<meta name=\"robots\" content=\"index, follow, max-snippet:-1, max-image-preview:large, max-video-preview:-1\" \/>\n<link rel=\"canonical\" href=\"https:\/\/blauetanke.net\/pl\/\" \/>\n<meta property=\"og:locale\" content=\"pl_PL\" \/>\n<meta property=\"og:type\" content=\"article\" \/>\n<meta property=\"og:title\" content=\"Strona g\u0142\u00f3wna - BlaueTanke\" \/>\n<meta property=\"og:url\" content=\"https:\/\/blauetanke.net\/pl\/\" \/>\n<meta property=\"og:site_name\" content=\"BlaueTanke\" \/>\n<meta property=\"article:modified_time\" content=\"2026-04-24T09:08:03+00:00\" \/>\n<meta name=\"twitter:card\" content=\"summary_large_image\" \/>\n<script type=\"application\/ld+json\" class=\"yoast-schema-graph\">{\"@context\":\"https:\\\/\\\/schema.org\",\"@graph\":[{\"@type\":\"WebPage\",\"@id\":\"https:\\\/\\\/blauetanke.net\\\/pl\\\/\",\"url\":\"https:\\\/\\\/blauetanke.net\\\/pl\\\/\",\"name\":\"Strona g\u0142\u00f3wna - BlaueTanke\",\"isPartOf\":{\"@id\":\"https:\\\/\\\/blauetanke.net\\\/pl\\\/#website\"},\"datePublished\":\"2026-02-25T08:38:05+00:00\",\"dateModified\":\"2026-04-24T09:08:03+00:00\",\"breadcrumb\":{\"@id\":\"https:\\\/\\\/blauetanke.net\\\/pl\\\/#breadcrumb\"},\"inLanguage\":\"pl-PL\",\"potentialAction\":[{\"@type\":\"ReadAction\",\"target\":[\"https:\\\/\\\/blauetanke.net\\\/pl\\\/\"]}]},{\"@type\":\"BreadcrumbList\",\"@id\":\"https:\\\/\\\/blauetanke.net\\\/pl\\\/#breadcrumb\",\"itemListElement\":[{\"@type\":\"ListItem\",\"position\":1,\"name\":\"Start\",\"item\":\"https:\\\/\\\/blauetanke.net\\\/pl\\\/\"},{\"@type\":\"ListItem\",\"position\":2,\"name\":\"Strona g\u0142\u00f3wna\"}]},{\"@type\":\"WebSite\",\"@id\":\"https:\\\/\\\/blauetanke.net\\\/pl\\\/#website\",\"url\":\"https:\\\/\\\/blauetanke.net\\\/pl\\\/\",\"name\":\"BlaueTanke\",\"description\":\"\",\"potentialAction\":[{\"@type\":\"SearchAction\",\"target\":{\"@type\":\"EntryPoint\",\"urlTemplate\":\"https:\\\/\\\/blauetanke.net\\\/pl\\\/?s={search_term_string}\"},\"query-input\":{\"@type\":\"PropertyValueSpecification\",\"valueRequired\":true,\"valueName\":\"search_term_string\"}}],\"inLanguage\":\"pl-PL\"}]}<\/script>\n<!-- \/ Yoast SEO plugin. -->","yoast_head_json":{"title":"Strona g\u0142\u00f3wna - BlaueTanke","robots":{"index":"index","follow":"follow","max-snippet":"max-snippet:-1","max-image-preview":"max-image-preview:large","max-video-preview":"max-video-preview:-1"},"canonical":"https:\/\/blauetanke.net\/pl\/","og_locale":"pl_PL","og_type":"article","og_title":"Strona g\u0142\u00f3wna - BlaueTanke","og_url":"https:\/\/blauetanke.net\/pl\/","og_site_name":"BlaueTanke","article_modified_time":"2026-04-24T09:08:03+00:00","twitter_card":"summary_large_image","schema":{"@context":"https:\/\/schema.org","@graph":[{"@type":"WebPage","@id":"https:\/\/blauetanke.net\/pl\/","url":"https:\/\/blauetanke.net\/pl\/","name":"Strona g\u0142\u00f3wna - BlaueTanke","isPartOf":{"@id":"https:\/\/blauetanke.net\/pl\/#website"},"datePublished":"2026-02-25T08:38:05+00:00","dateModified":"2026-04-24T09:08:03+00:00","breadcrumb":{"@id":"https:\/\/blauetanke.net\/pl\/#breadcrumb"},"inLanguage":"pl-PL","potentialAction":[{"@type":"ReadAction","target":["https:\/\/blauetanke.net\/pl\/"]}]},{"@type":"BreadcrumbList","@id":"https:\/\/blauetanke.net\/pl\/#breadcrumb","itemListElement":[{"@type":"ListItem","position":1,"name":"Start","item":"https:\/\/blauetanke.net\/pl\/"},{"@type":"ListItem","position":2,"name":"Strona g\u0142\u00f3wna"}]},{"@type":"WebSite","@id":"https:\/\/blauetanke.net\/pl\/#website","url":"https:\/\/blauetanke.net\/pl\/","name":"BlaueTanke","description":"","potentialAction":[{"@type":"SearchAction","target":{"@type":"EntryPoint","urlTemplate":"https:\/\/blauetanke.net\/pl\/?s={search_term_string}"},"query-input":{"@type":"PropertyValueSpecification","valueRequired":true,"valueName":"search_term_string"}}],"inLanguage":"pl-PL"}]}},"_links":{"self":[{"href":"https:\/\/blauetanke.net\/pl\/wp-json\/wp\/v2\/pages\/204","targetHints":{"allow":["GET"]}}],"collection":[{"href":"https:\/\/blauetanke.net\/pl\/wp-json\/wp\/v2\/pages"}],"about":[{"href":"https:\/\/blauetanke.net\/pl\/wp-json\/wp\/v2\/types\/page"}],"author":[{"embeddable":true,"href":"https:\/\/blauetanke.net\/pl\/wp-json\/wp\/v2\/users\/1"}],"replies":[{"embeddable":true,"href":"https:\/\/blauetanke.net\/pl\/wp-json\/wp\/v2\/comments?post=204"}],"version-history":[{"count":2,"href":"https:\/\/blauetanke.net\/pl\/wp-json\/wp\/v2\/pages\/204\/revisions"}],"predecessor-version":[{"id":260,"href":"https:\/\/blauetanke.net\/pl\/wp-json\/wp\/v2\/pages\/204\/revisions\/260"}],"wp:attachment":[{"href":"https:\/\/blauetanke.net\/pl\/wp-json\/wp\/v2\/media?parent=204"}],"curies":[{"name":"wp","href":"https:\/\/api.w.org\/{rel}","templated":true}]}}