{"id":214,"date":"2026-02-25T09:38:05","date_gmt":"2026-02-25T08:38:05","guid":{"rendered":"https:\/\/blauetanke.net\/uvodni-stranka\/"},"modified":"2026-04-24T11:06:58","modified_gmt":"2026-04-24T09:06:58","slug":"uvodni-stranka","status":"publish","type":"page","link":"https:\/\/blauetanke.net\/cs\/","title":{"rendered":"\u00davodn\u00ed str\u00e1nka"},"content":{"rendered":"\n<div id=\"gaveg_header_block_918997020aa1f9603b7bb3536b3aae0e\"class=\"block_gaveg block_gaveg-header  \" style=\"background-image: url(https:\/\/blauetanke.net\/wp-content\/uploads\/sites\/2\/2026\/04\/20251113_122855000_iOS-1-2-1-scaled.png);\">\n    <div class=\"container\">\n        <div class=\"row\">\n            <h1>V\u00edtejte<br>u Blaue Tanke!<\/h1>\n            <h3 class=\"fw-400\"><\/h3>\n        <\/div>\n    <\/div>\n<\/div>\n\n\n<div id=\"gaveg_headline-text_block_9b37737fcaf9b3c2956b812c8194df21\"class=\"block_gaveg block_gaveg-headline-text  \">\n    <div class=\"container\">\n        <div class=\"row\">\n                            <div class=\"text-wrapper col-12 col-lg-6\">\n                    <h4 class=\"color-primary-color\">Blaue Tanke<\/h4>\n                <\/div>\n                <div class=\"col-12 col-lg-6 color-primary-color\">\n                                <h2 class=\"color-primary-color mb-5\">V plyn\u00e1rensk\u00e9m odv\u011btv\u00ed p\u016fsob\u00edme ji\u017e od roku 2002 \u2013 se zku\u0161enostmi, spolehlivost\u00ed a s c\u00edlem poskytovat udr\u017eitelnou energii pro budoucnost.<\/h2>\n                <p class=\"color-primary-color\">Vybudov\u00e1n\u00edm prvn\u00ed \u010derpac\u00ed stanice \u201eBlaue Tank\u201c v roce 2023 v Herleshausenu jsme odstartovali vlastn\u00ed roz\u0161i\u0159ov\u00e1n\u00ed na\u0161\u00ed s\u00edt\u011b \u010derpac\u00edch stanic BIO-LNG. V prosinci 2024 n\u00e1sledovala druh\u00e1 stanice v Himmelkronu. Ob\u011b stanice jsou vybaveny modern\u00edm za\u0159\u00edzen\u00edm s n\u00e1dr\u017e\u00ed o objemu 70 000 litr\u016f a nab\u00edzej\u00ed spolehliv\u00e9 a bezpe\u010dn\u00e9 z\u00e1sobov\u00e1n\u00ed na dopravn\u011b v\u00fdhodn\u00fdch m\u00edstech. Dal\u0161\u00ed stanice jsou ji\u017e v pl\u00e1nu, abychom na\u0161i s\u00ed\u0165 neust\u00e1le roz\u0161i\u0159ovali.<\/p>\n                                <a class=\"color-primary-color mt-4 btn \" href=\"#\">\n                    Zjistit v\u00edce                    <svg class=\"ms-2\" width=\"19\" height=\"15\" viewBox=\"0 0 19 15\" fill=\"none\" xmlns=\"http:\/\/www.w3.org\/2000\/svg\">\n                        <path d=\"M18.7071 8.07112C19.0976 7.6806 19.0976 7.04743 18.7071 6.65691L12.3431 0.292946C11.9526 -0.0975785 11.3195 -0.0975785 10.9289 0.292946C10.5384 0.68347 10.5384 1.31664 10.9289 1.70716L16.5858 7.36401L10.9289 13.0209C10.5384 13.4114 10.5384 14.0446 10.9289 14.4351C11.3195 14.8256 11.9526 14.8256 12.3431 14.4351L18.7071 8.07112ZM0 7.36401V8.36401H18V7.36401V6.36401H0V7.36401Z\" fill=\"#00427F\"\/>\n                        <\/svg>                <\/a>\n                            <\/div>\n        <\/div>\n    <\/div>\n<\/div>\n\n\n<div id=\"gaveg_accordion_block_1ff3f07df701844b1f11d7927abc7f48\" class=\"block_gaveg block_gaveg-accordion  pt-0\">\n    <div class=\"container bg-default-bg\">\n        <div class=\"row\">\n             <div class=\"col-12 offset-lg-6 col-lg-6\">             \n                                \n                <div class=\"accordion mt-5\" id=\"accordionblock_1ff3f07df701844b1f11d7927abc7f48\">\n                                                <div class=\"accordion-item mb-4\">\n                                <h2 class=\"accordion-header pt-4\" id=\"headingblaue-tanke-herleshausen\">\n                                    <button class=\"accordion-button collapsed h4\" type=\"button\" data-bs-toggle=\"collapse\" data-bs-target=\"#collapseblaue-tanke-herleshausen\" aria-expanded=\"true\" aria-controls=\"collapseblaue-tanke-herleshausen\">\n                                        Blaue Tanke Herleshausen                                    <\/button>\n                                <\/h2>\n                                <div id=\"collapseblaue-tanke-herleshausen\" class=\"accordion-collapse collapse\" aria-labelledby=\"headingblaue-tanke-herleshausen\" data-bs-parent=\"#accordionblock_1ff3f07df701844b1f11d7927abc7f48\">\n                                    <div class=\"accordion-body pt-0\">\n                                        Brandenburgstra\u00dfe 6<br>\r\n37293 Herleshausen\r\n<br>\r\n<a target=\"_blank\" class=\"color-primary-color mt-4 btn\" href=\"https:\/\/maps.app.goo.gl\/wZozGSuY5LFyeBLR7\">\r\n\tRoute berechnen\r\n\t<svg class=\"ms-2\" width=\"19\" height=\"15\" viewBox=\"0 0 19 15\" fill=\"none\" xmlns=\"http:\/\/www.w3.org\/2000\/svg\">\r\n\t\t<path d=\"M18.7071 8.07112C19.0976 7.6806 19.0976 7.04743 18.7071 6.65691L12.3431 0.292946C11.9526 -0.0975785 11.3195 -0.0975785 10.9289 0.292946C10.5384 0.68347 10.5384 1.31664 10.9289 1.70716L16.5858 7.36401L10.9289 13.0209C10.5384 13.4114 10.5384 14.0446 10.9289 14.4351C11.3195 14.8256 11.9526 14.8256 12.3431 14.4351L18.7071 8.07112ZM0 7.36401V8.36401H18V7.36401V6.36401H0V7.36401Z\" fill=\"#00427F\"><\/path>\r\n\t<\/svg>\r\n<\/a>                                    <\/div>\n                                <\/div>\n                            <\/div>\n                                                        <div class=\"accordion-item mb-4\">\n                                <h2 class=\"accordion-header pt-4\" id=\"headingblaue-tanke-himmelkron\">\n                                    <button class=\"accordion-button collapsed h4\" type=\"button\" data-bs-toggle=\"collapse\" data-bs-target=\"#collapseblaue-tanke-himmelkron\" aria-expanded=\"true\" aria-controls=\"collapseblaue-tanke-himmelkron\">\n                                        Blaue Tanke Himmelkron                                    <\/button>\n                                <\/h2>\n                                <div id=\"collapseblaue-tanke-himmelkron\" class=\"accordion-collapse collapse\" aria-labelledby=\"headingblaue-tanke-himmelkron\" data-bs-parent=\"#accordionblock_1ff3f07df701844b1f11d7927abc7f48\">\n                                    <div class=\"accordion-body pt-0\">\n                                        Frankenring 2<br>\r\n95502 Himmelkron\r\n<br>\r\n<a target=\"_blank\" class=\"color-primary-color mt-4 btn\" href=\"https:\/\/maps.app.goo.gl\/yECtnKQDsL8PoGPD6\">\r\n\tRoute berechnen\r\n\t<svg class=\"ms-2\" width=\"19\" height=\"15\" viewBox=\"0 0 19 15\" fill=\"none\" xmlns=\"http:\/\/www.w3.org\/2000\/svg\">\r\n\t\t<path d=\"M18.7071 8.07112C19.0976 7.6806 19.0976 7.04743 18.7071 6.65691L12.3431 0.292946C11.9526 -0.0975785 11.3195 -0.0975785 10.9289 0.292946C10.5384 0.68347 10.5384 1.31664 10.9289 1.70716L16.5858 7.36401L10.9289 13.0209C10.5384 13.4114 10.5384 14.0446 10.9289 14.4351C11.3195 14.8256 11.9526 14.8256 12.3431 14.4351L18.7071 8.07112ZM0 7.36401V8.36401H18V7.36401V6.36401H0V7.36401Z\" fill=\"#00427F\"><\/path>\r\n\t<\/svg>\r\n<\/a>                                    <\/div>\n                                <\/div>\n                            <\/div>\n                                            <\/div>\n            <\/div>\n        <\/div>\n    <\/div>\n<\/div>\n\n\n<div id=\"gaveg_accordion_block_3c766ac5904b1ef29b3cf371cb8155b2\" class=\"block_gaveg block_gaveg-accordion bg-primary-bg  \">\n    <div class=\"container \">\n        <div class=\"row\">\n            <div class=\"col-12 col-lg-6 img-col\">\n                <img decoding=\"async\" class=\"w-100\" src=\"https:\/\/blauetanke.net\/wp-content\/uploads\/sites\/2\/2026\/04\/20251113_122856000_iOS-1.png\" alt=\"\" \/>\n            <\/div>\n            <div class=\"col-12 col-lg-6\">\n                                        <h4 class=\"mb-5\">LNG<\/h4>\n                                        <h2>Co je LNG \u2013 a k \u010demu se pou\u017e\u00edv\u00e1?<\/h2>\n                <p class=\"mb-4\"><br>LNG (Liquefied Natural Gas) je zchlazen\u00fd, zkapaln\u011bn\u00fd zemn\u00ed plyn. Ochlazen\u00edm na p\u0159ibli\u017en\u011b \u2013162 \u00b0C se plyn p\u0159em\u011bn\u00ed do kapaln\u00e9ho stavu a jeho <strong>objem se zmen\u0161\u00ed na zhruba \u0161est setinu<\/strong>. To umo\u017e\u0148uje efektivn\u00ed skladov\u00e1n\u00ed a ekonomickou p\u0159epravu velk\u00fdch mno\u017estv\u00ed energie.\r\n\r\nLNG se pou\u017e\u00edv\u00e1 p\u0159edev\u0161\u00edm tam, kde je <strong>pot\u0159eba v\u00fdkonn\u00e9<\/strong> a <strong>\u010dist\u00e9 energie<\/strong> \u2013 zejm\u00e9na v <strong>t\u011b\u017ek\u00e9 n\u00e1kladn\u00ed doprav\u011b<\/strong>, v <strong>lodn\u00ed doprav\u011b<\/strong> a v <strong>pr\u016fmyslov\u00fdch aplikac\u00edch<\/strong>.\r\n\r\nVe srovn\u00e1n\u00ed s naftou nebo t\u011b\u017ek\u00fdm olejem zp\u016fsobuje LNG a\u017e <strong>o 20 % m\u00e9n\u011b emis\u00ed CO\u2082<\/strong>, prakticky <strong>\u017e\u00e1dn\u00e9 emise prachov\u00fdch \u010d\u00e1stic<\/strong> a v\u00fdrazn\u011b ni\u017e\u0161\u00ed hodnoty oxid\u016f dus\u00edku. <strong>Je tak ekonomickou a ekologi\u010dt\u011bj\u0161\u00ed alternativou k konven\u010dn\u00edm paliv\u016fm \u2013 bez kompromis\u016f v oblasti v\u00fdkonu a dojezdu.<\/strong>\r\n\r\nNa na\u0161ich modr\u00fdch \u010derpac\u00edch stanic\u00edch LNG t\u011b\u017e\u00ed dopravn\u00ed spole\u010dnosti a pr\u016fmyslov\u00ed z\u00e1kazn\u00edci ze spolehliv\u00fdch dod\u00e1vek, kr\u00e1tk\u00fdch dob tankov\u00e1n\u00ed a vysok\u00e9 technick\u00e9 bezpe\u010dnosti.<\/p>\n\n                <div class=\"lists mt-5\">\n                                                <div class=\"list-item mb-4\">\n                                <div class=\"title-wrapper pt-4\">\n                                    <h4><h2 class=\"mb-4\">V\u00fdhody LNG v n\u00e1kladn\u00ed doprav\u011b<\/h2><\/h4>\n                                <\/div>\n                                <div class=\"list-body\">\n                                    <p>Vyu\u017eit\u00ed LNG (zkapaln\u011bn\u00e9ho zemn\u00edho plynu) v t\u011b\u017ek\u00e9 n\u00e1kladn\u00ed doprav\u011b spojuje <strong>ekonomickou efektivitu s ekologickou odpov\u011bdnost\u00ed<\/strong>. Ve srovn\u00e1n\u00ed s naftou se LNG spaluje v\u00fdrazn\u011b \u010dist\u011bji: emise CO\u2082 klesaj\u00ed a\u017e o 20 procent, emise oxid\u016f dus\u00edku a\u017e o 85 procent a jemn\u00e9 \u010d\u00e1stice se nevytv\u00e1\u0159ej\u00ed t\u00e9m\u011b\u0159 v\u016fbec. Dopravn\u00ed podniky tak aktivn\u011b p\u0159isp\u00edvaj\u00ed ke sni\u017eov\u00e1n\u00ed emis\u00ed sklen\u00edkov\u00fdch plyn\u016f a k dodr\u017eov\u00e1n\u00ed z\u00e1konn\u00fdch ekologick\u00fdch p\u0159edpis\u016f.<\/p>\n<p>LNG je p\u0159esv\u011bd\u010div\u00fd i z ekonomick\u00e9ho hlediska. Dopravn\u00ed podniky t\u011b\u017e\u00ed ze <strong>stabiln\u00edch cen energie, ni\u017e\u0161\u00edch m\u00fdtn\u00fdch poplatk\u016f<\/strong> a <strong>da\u0148ov\u00fdch v\u00fdhod<\/strong>, co\u017e \u010din\u00ed provoz vozidel na LNG z dlouhodob\u00e9ho hlediska atraktivn\u00edm. Z\u00e1rove\u0148 modern\u00ed n\u00e1kladn\u00ed vozy na LNG nab\u00edzej\u00ed dojezd a\u017e 1 600 kilometr\u016f p\u0159i v\u00fdkonu srovnateln\u00e9m s naftou \u2013 ide\u00e1ln\u00ed pro mezin\u00e1rodn\u00ed d\u00e1lkovou dopravu.<\/p>\n<p>Dal\u0161\u00ed v\u00fdhodou je tich\u00fd chod motor\u016f, kter\u00fd p\u0159in\u00e1\u0161\u00ed v\u00fdhody zejm\u00e9na p\u0159i no\u010dn\u00edch j\u00edzd\u00e1ch a dod\u00e1vk\u00e1ch v m\u011bstsk\u00e9m provozu. Krom\u011b toho je LNG pova\u017eov\u00e1no za technologii budoucnosti: s rostouc\u00edm vyu\u017e\u00edv\u00e1n\u00edm bio-LNG, kter\u00e9 se vyr\u00e1b\u00ed z biogenn\u00edch zbytkov\u00fdch materi\u00e1l\u016f, bude mo\u017en\u00e9 v budoucnu provozovat t\u011b\u017ekou n\u00e1kladn\u00ed dopravu t\u00e9m\u011b\u0159 bez emis\u00ed CO\u2082.<\/p>\n<p><strong>LNG tak dnes p\u0159edstavuje v\u00fdkonnou, ekonomickou a udr\u017eitelnou alternativu v n\u00e1kladn\u00ed doprav\u011b \u2013 a je rozhoduj\u00edc\u00edm krokem na cest\u011b k logistice \u0161etrn\u011bj\u0161\u00ed k \u017eivotn\u00edmu prost\u0159ed\u00ed.<\/strong><\/p>\n                                <\/div>\n                            <\/div>\n                                            <\/div>\n                            <\/div>\n        <\/div>\n    <\/div>\n    <\/div>\n\n\n<div id=\"gaveg_headline-text_block_e0182008b1813e20e885b4321a62a0c5\"class=\"block_gaveg block_gaveg-headline-text  \">\n    <div class=\"container\">\n        <div class=\"row\">\n                            <div class=\"text-wrapper col-12 col-lg-6\">\n                    <h4 class=\"color-primary-color\">Z\u00e1kaznick\u00e1 karta<\/h4>\n                <\/div>\n                <div class=\"col-12 col-lg-6 color-primary-color\">\n                                <h2 class=\"color-primary-color mb-5\">Va\u0161e flotilov\u00e1 karta Blaue Tanke LNG \u2013 zajist\u011bte si cenov\u00e9 v\u00fdhody pro rok 2026!<\/h2>\n                <p class=\"color-primary-color\">S flotilovou kartou Blaue Tanke LNG z\u00edsk\u00e1te <b>pohodln\u00e9<\/b> a <b>efektivn\u00ed \u0159e\u0161en\u00ed<\/b> pro <b>ka\u017edodenn\u00ed tankov\u00e1n\u00ed. <\/b> Karta v\u00e1m umo\u017e\u0148uje <b>nep\u0159etr\u017eit\u00fd p\u0159\u00edstup<\/b> k na\u0161im <b>modern\u00edm \u010derpac\u00edm stanic\u00edm LNG<\/b> v Himmelkronu a Herleshausenu \u2013 spolehliv\u00fdm, bezpe\u010dn\u00fdm a optim\u00e1ln\u011b um\u00edst\u011bn\u00fdm na d\u016fle\u017eit\u00fdch dopravn\u00edch tras\u00e1ch.\r\n \r\nJako dr\u017eitel karty z\u00edsk\u00e1te <b>slevu 10 cent\u016f<\/b> z aktu\u00e1ln\u00ed denn\u00ed ceny u \u010derpac\u00edho stojanu \u2013 automaticky a p\u0159i ka\u017ed\u00e9m tankov\u00e1n\u00ed. <b>Tak trvale t\u011b\u017e\u00edte z f\u00e9rov\u00fdch podm\u00ednek a pln\u00e9 transparentnosti n\u00e1klad\u016f.<\/b>\r\n\r\nV\u00e1\u0161 pravideln\u00fd p\u0159ehled spot\u0159eby zaji\u0161\u0165uje <b>jasnou sledovatelnost<\/b> v\u0161ech tankovac\u00edch operac\u00ed a optim\u00e1ln\u011b v\u00e1s podporuje p\u0159i spr\u00e1v\u011b vozov\u00e9ho parku a v \u00fa\u010detnictv\u00ed. Fakturace prob\u00edh\u00e1 v 14denn\u00edm cyklu, centr\u00e1ln\u011b a bez komplikac\u00ed, tak\u017ee lze optim\u00e1ln\u011b \u0159\u00eddit administrativn\u00ed n\u00e1klady a pl\u00e1nov\u00e1n\u00ed likvidity.\r\n\r\nKrom\u011b toho obdr\u017e\u00edte ke ka\u017ed\u00e9 dod\u00e1vce <b>osv\u011bd\u010den\u00ed o udr\u017eitelnosti<\/b> pro dodan\u00e9 BIO-LNG, pomoc\u00ed kter\u00e9ho m\u016f\u017eete dokumentovat svou uhl\u00edkovou stopu a <b>prokazateln\u011b podporovat sv\u00e9 c\u00edle v oblasti udr\u017eitelnosti. <\/b> Pro v\u011bt\u0161\u00ed odb\u011bry v\u00e1m r\u00e1di p\u0159iprav\u00edme <b>individu\u00e1ln\u00ed nab\u00eddku.<\/b> Po dohod\u011b jsou \u2013 v z\u00e1vislosti na m\u011bs\u00ed\u010dn\u00edm nebo ro\u010dn\u00edm odb\u011bru \u2013 mo\u017en\u00e9 i pevn\u00e9 ro\u010dn\u00ed ceny. Zajist\u00edte si tak jistotu pl\u00e1nov\u00e1n\u00ed a maxim\u00e1ln\u00ed ekonomickou efektivitu pro v\u00e1\u0161 vozov\u00fd park.\r\n\r\n<b>Kontaktujte n\u00e1s pro dal\u0161\u00ed informace nebo osobn\u00ed nab\u00eddku \u2013 r\u00e1di v\u00e1m poskytneme individu\u00e1ln\u00ed poradenstv\u00ed.<\/b><\/p>\n                                <a class=\"color-primary-color mt-4 btn btn-red\" href=\"#\">\n                    Kontaktovat                    <svg class=\"ms-3\" width=\"40\" height=\"40\" viewBox=\"0 0 40 40\" fill=\"none\" xmlns=\"http:\/\/www.w3.org\/2000\/svg\">\n                        <circle cx=\"20\" cy=\"20\" r=\"20\" fill=\"white\"><\/circle>\n                        <path d=\"M10 19C9.44772 19 9 19.4477 9 20C9 20.5523 9.44772 21 10 21V20V19ZM30.7071 20.7071C31.0976 20.3166 31.0976 19.6834 30.7071 19.2929L24.3431 12.9289C23.9526 12.5384 23.3195 12.5384 22.9289 12.9289C22.5384 13.3195 22.5384 13.9526 22.9289 14.3431L28.5858 20L22.9289 25.6569C22.5384 26.0474 22.5384 26.6805 22.9289 27.0711C23.3195 27.4616 23.9526 27.4616 24.3431 27.0711L30.7071 20.7071ZM10 20V21H30V20V19H10V20Z\" fill=\"#EF2E32\"><\/path>\n                        <\/svg>                <\/a>\n                            <\/div>\n        <\/div>\n    <\/div>\n<\/div>\n\n\n<div id=\"gaveg_big-img-small_block_6928786764e0020801bdf9842ed52407\"class=\"block_gaveg block_gaveg-big-img-small  \">\n    <div class=\"container\">\n        <div class=\"row\">\n            <div class=\"col-12 col-md-6 col-lg-8 mb-4 mb-md-0\">\n                <img decoding=\"async\" class=\"w-100\" src=\"https:\/\/blauetanke.net\/wp-content\/uploads\/sites\/2\/2026\/04\/Rectangle-9.png\" alt=\"\" \/>\n            <\/div>\n            <div class=\"col-12 col-md-6 col-lg-4\">\n                <img decoding=\"async\" class=\"w-100\" src=\"https:\/\/blauetanke.net\/wp-content\/uploads\/sites\/2\/2026\/04\/Rectangle-10.png\" alt=\"\" \/>\n            <\/div>\n        <\/div>\n    <\/div>\n<\/div>","protected":false},"excerpt":{"rendered":"","protected":false},"author":1,"featured_media":0,"parent":0,"menu_order":0,"comment_status":"closed","ping_status":"closed","template":"","meta":{"_acf_changed":false,"footnotes":""},"class_list":["post-214","page","type-page","status-publish","hentry"],"acf":[],"yoast_head":"<!-- This site is optimized with the Yoast SEO plugin v27.3 - https:\/\/yoast.com\/product\/yoast-seo-wordpress\/ -->\n<title>\u00davodn\u00ed str\u00e1nka - BlaueTanke<\/title>\n<meta name=\"robots\" content=\"index, follow, max-snippet:-1, max-image-preview:large, max-video-preview:-1\" \/>\n<link rel=\"canonical\" href=\"https:\/\/blauetanke.net\/cs\/\" \/>\n<meta property=\"og:locale\" content=\"cs_CZ\" \/>\n<meta property=\"og:type\" content=\"article\" \/>\n<meta property=\"og:title\" content=\"\u00davodn\u00ed str\u00e1nka - BlaueTanke\" \/>\n<meta property=\"og:url\" content=\"https:\/\/blauetanke.net\/cs\/\" \/>\n<meta property=\"og:site_name\" content=\"BlaueTanke\" \/>\n<meta property=\"article:modified_time\" content=\"2026-04-24T09:06:58+00:00\" \/>\n<meta name=\"twitter:card\" content=\"summary_large_image\" \/>\n<script type=\"application\/ld+json\" class=\"yoast-schema-graph\">{\"@context\":\"https:\\\/\\\/schema.org\",\"@graph\":[{\"@type\":\"WebPage\",\"@id\":\"https:\\\/\\\/blauetanke.net\\\/cs\\\/\",\"url\":\"https:\\\/\\\/blauetanke.net\\\/cs\\\/\",\"name\":\"\u00davodn\u00ed str\u00e1nka - BlaueTanke\",\"isPartOf\":{\"@id\":\"https:\\\/\\\/blauetanke.net\\\/cs\\\/#website\"},\"datePublished\":\"2026-02-25T08:38:05+00:00\",\"dateModified\":\"2026-04-24T09:06:58+00:00\",\"breadcrumb\":{\"@id\":\"https:\\\/\\\/blauetanke.net\\\/cs\\\/#breadcrumb\"},\"inLanguage\":\"cs\",\"potentialAction\":[{\"@type\":\"ReadAction\",\"target\":[\"https:\\\/\\\/blauetanke.net\\\/cs\\\/\"]}]},{\"@type\":\"BreadcrumbList\",\"@id\":\"https:\\\/\\\/blauetanke.net\\\/cs\\\/#breadcrumb\",\"itemListElement\":[{\"@type\":\"ListItem\",\"position\":1,\"name\":\"Start\",\"item\":\"https:\\\/\\\/blauetanke.net\\\/cs\\\/\"},{\"@type\":\"ListItem\",\"position\":2,\"name\":\"\u00davodn\u00ed str\u00e1nka\"}]},{\"@type\":\"WebSite\",\"@id\":\"https:\\\/\\\/blauetanke.net\\\/cs\\\/#website\",\"url\":\"https:\\\/\\\/blauetanke.net\\\/cs\\\/\",\"name\":\"BlaueTanke\",\"description\":\"\",\"potentialAction\":[{\"@type\":\"SearchAction\",\"target\":{\"@type\":\"EntryPoint\",\"urlTemplate\":\"https:\\\/\\\/blauetanke.net\\\/cs\\\/?s={search_term_string}\"},\"query-input\":{\"@type\":\"PropertyValueSpecification\",\"valueRequired\":true,\"valueName\":\"search_term_string\"}}],\"inLanguage\":\"cs\"}]}<\/script>\n<!-- \/ Yoast SEO plugin. -->","yoast_head_json":{"title":"\u00davodn\u00ed str\u00e1nka - BlaueTanke","robots":{"index":"index","follow":"follow","max-snippet":"max-snippet:-1","max-image-preview":"max-image-preview:large","max-video-preview":"max-video-preview:-1"},"canonical":"https:\/\/blauetanke.net\/cs\/","og_locale":"cs_CZ","og_type":"article","og_title":"\u00davodn\u00ed str\u00e1nka - BlaueTanke","og_url":"https:\/\/blauetanke.net\/cs\/","og_site_name":"BlaueTanke","article_modified_time":"2026-04-24T09:06:58+00:00","twitter_card":"summary_large_image","schema":{"@context":"https:\/\/schema.org","@graph":[{"@type":"WebPage","@id":"https:\/\/blauetanke.net\/cs\/","url":"https:\/\/blauetanke.net\/cs\/","name":"\u00davodn\u00ed str\u00e1nka - BlaueTanke","isPartOf":{"@id":"https:\/\/blauetanke.net\/cs\/#website"},"datePublished":"2026-02-25T08:38:05+00:00","dateModified":"2026-04-24T09:06:58+00:00","breadcrumb":{"@id":"https:\/\/blauetanke.net\/cs\/#breadcrumb"},"inLanguage":"cs","potentialAction":[{"@type":"ReadAction","target":["https:\/\/blauetanke.net\/cs\/"]}]},{"@type":"BreadcrumbList","@id":"https:\/\/blauetanke.net\/cs\/#breadcrumb","itemListElement":[{"@type":"ListItem","position":1,"name":"Start","item":"https:\/\/blauetanke.net\/cs\/"},{"@type":"ListItem","position":2,"name":"\u00davodn\u00ed str\u00e1nka"}]},{"@type":"WebSite","@id":"https:\/\/blauetanke.net\/cs\/#website","url":"https:\/\/blauetanke.net\/cs\/","name":"BlaueTanke","description":"","potentialAction":[{"@type":"SearchAction","target":{"@type":"EntryPoint","urlTemplate":"https:\/\/blauetanke.net\/cs\/?s={search_term_string}"},"query-input":{"@type":"PropertyValueSpecification","valueRequired":true,"valueName":"search_term_string"}}],"inLanguage":"cs"}]}},"_links":{"self":[{"href":"https:\/\/blauetanke.net\/cs\/wp-json\/wp\/v2\/pages\/214","targetHints":{"allow":["GET"]}}],"collection":[{"href":"https:\/\/blauetanke.net\/cs\/wp-json\/wp\/v2\/pages"}],"about":[{"href":"https:\/\/blauetanke.net\/cs\/wp-json\/wp\/v2\/types\/page"}],"author":[{"embeddable":true,"href":"https:\/\/blauetanke.net\/cs\/wp-json\/wp\/v2\/users\/1"}],"replies":[{"embeddable":true,"href":"https:\/\/blauetanke.net\/cs\/wp-json\/wp\/v2\/comments?post=214"}],"version-history":[{"count":2,"href":"https:\/\/blauetanke.net\/cs\/wp-json\/wp\/v2\/pages\/214\/revisions"}],"predecessor-version":[{"id":259,"href":"https:\/\/blauetanke.net\/cs\/wp-json\/wp\/v2\/pages\/214\/revisions\/259"}],"wp:attachment":[{"href":"https:\/\/blauetanke.net\/cs\/wp-json\/wp\/v2\/media?parent=214"}],"curies":[{"name":"wp","href":"https:\/\/api.w.org\/{rel}","templated":true}]}}