{"id":210,"date":"2026-04-16T15:20:32","date_gmt":"2026-04-16T13:20:32","guid":{"rendered":"https:\/\/blauetanke.net\/poptavka\/"},"modified":"2026-04-23T10:51:28","modified_gmt":"2026-04-23T08:51:28","slug":"poptavka","status":"publish","type":"page","link":"https:\/\/blauetanke.net\/cs\/poptavka\/","title":{"rendered":"Popt\u00e1vka"},"content":{"rendered":"\n<div id=\"gaveg_header_block_368f4d49ae2e367ef74eb2789756af0d\"class=\"block_gaveg block_gaveg-header  \" style=\"background-image: url(https:\/\/blauetanke.net\/wp-content\/uploads\/sites\/2\/2026\/04\/Rectangle-9.png);\">\n    <div class=\"container\">\n        <div class=\"row\">\n            <h1>Popt\u00e1vka<\/h1>\n            <h3 class=\"fw-400\"><\/h3>\n        <\/div>\n    <\/div>\n<\/div>\n<div id=\"gaveg_verbrauch_block_5987b9c18938daf8b9166ebf1f501b51\"class=\"block_gaveg block_gaveg-rechner block_gaveg-verbrauch  \">\n    <div class=\"container\">\n        <div class=\"row\">\n            <div class=\"col-12 pe-lg-0\">\n                <img decoding=\"async\" class=\"w-100\" src=\"https:\/\/blauetanke.net\/wp-content\/uploads\/sites\/2\/2026\/04\/20251113_122855000_iOS-1-2-1-scaled.png\" alt=\"\" \/>\n            <\/div>\n            <div class=\"col-12 offset-lg-5 col-lg-7 bg-primary-bg\">\n                <div class=\"rechner-wrapper verbraucher-wrapper\">\n                    <h2 class=\"mb-3\"> Obecn\u00fd kontaktn\u00ed formul\u00e1\u0159<\/h2>\n                    <p><\/p>\n                    <form action=\"https:\/\/blauetanke.net\/cs\/wp-json\/ws-form\/v1\/submit\" class=\"wsf-form wsf-form-canvas\" id=\"ws-form-1\" data-id=\"3\" method=\"POST\" data-instance-id=\"1\"><\/form>                <\/div>\n            <\/div>\n        <\/div>\n    <\/div>\n<\/div>","protected":false},"excerpt":{"rendered":"","protected":false},"author":1,"featured_media":0,"parent":0,"menu_order":0,"comment_status":"closed","ping_status":"closed","template":"","meta":{"_acf_changed":false,"footnotes":""},"class_list":["post-210","page","type-page","status-publish","hentry"],"acf":[],"yoast_head":"<!-- This site is optimized with the Yoast SEO plugin v27.3 - https:\/\/yoast.com\/product\/yoast-seo-wordpress\/ -->\n<title>Popt\u00e1vka - BlaueTanke<\/title>\n<meta name=\"robots\" content=\"index, follow, max-snippet:-1, max-image-preview:large, max-video-preview:-1\" \/>\n<link rel=\"canonical\" href=\"https:\/\/blauetanke.net\/cs\/poptavka\/\" \/>\n<meta property=\"og:locale\" content=\"cs_CZ\" \/>\n<meta property=\"og:type\" content=\"article\" \/>\n<meta property=\"og:title\" content=\"Popt\u00e1vka - BlaueTanke\" \/>\n<meta property=\"og:url\" content=\"https:\/\/blauetanke.net\/cs\/poptavka\/\" \/>\n<meta property=\"og:site_name\" content=\"BlaueTanke\" \/>\n<meta property=\"article:modified_time\" content=\"2026-04-23T08:51:28+00:00\" \/>\n<meta name=\"twitter:card\" content=\"summary_large_image\" \/>\n<script type=\"application\/ld+json\" class=\"yoast-schema-graph\">{\"@context\":\"https:\\\/\\\/schema.org\",\"@graph\":[{\"@type\":\"WebPage\",\"@id\":\"https:\\\/\\\/blauetanke.net\\\/cs\\\/poptavka\\\/\",\"url\":\"https:\\\/\\\/blauetanke.net\\\/cs\\\/poptavka\\\/\",\"name\":\"Popt\u00e1vka - BlaueTanke\",\"isPartOf\":{\"@id\":\"https:\\\/\\\/blauetanke.net\\\/cs\\\/#website\"},\"datePublished\":\"2026-04-16T13:20:32+00:00\",\"dateModified\":\"2026-04-23T08:51:28+00:00\",\"breadcrumb\":{\"@id\":\"https:\\\/\\\/blauetanke.net\\\/cs\\\/poptavka\\\/#breadcrumb\"},\"inLanguage\":\"cs\",\"potentialAction\":[{\"@type\":\"ReadAction\",\"target\":[\"https:\\\/\\\/blauetanke.net\\\/cs\\\/poptavka\\\/\"]}]},{\"@type\":\"BreadcrumbList\",\"@id\":\"https:\\\/\\\/blauetanke.net\\\/cs\\\/poptavka\\\/#breadcrumb\",\"itemListElement\":[{\"@type\":\"ListItem\",\"position\":1,\"name\":\"Start\",\"item\":\"https:\\\/\\\/blauetanke.net\\\/cs\\\/\"},{\"@type\":\"ListItem\",\"position\":2,\"name\":\"Popt\u00e1vka\"}]},{\"@type\":\"WebSite\",\"@id\":\"https:\\\/\\\/blauetanke.net\\\/cs\\\/#website\",\"url\":\"https:\\\/\\\/blauetanke.net\\\/cs\\\/\",\"name\":\"BlaueTanke\",\"description\":\"\",\"potentialAction\":[{\"@type\":\"SearchAction\",\"target\":{\"@type\":\"EntryPoint\",\"urlTemplate\":\"https:\\\/\\\/blauetanke.net\\\/cs\\\/?s={search_term_string}\"},\"query-input\":{\"@type\":\"PropertyValueSpecification\",\"valueRequired\":true,\"valueName\":\"search_term_string\"}}],\"inLanguage\":\"cs\"}]}<\/script>\n<!-- \/ Yoast SEO plugin. -->","yoast_head_json":{"title":"Popt\u00e1vka - BlaueTanke","robots":{"index":"index","follow":"follow","max-snippet":"max-snippet:-1","max-image-preview":"max-image-preview:large","max-video-preview":"max-video-preview:-1"},"canonical":"https:\/\/blauetanke.net\/cs\/poptavka\/","og_locale":"cs_CZ","og_type":"article","og_title":"Popt\u00e1vka - BlaueTanke","og_url":"https:\/\/blauetanke.net\/cs\/poptavka\/","og_site_name":"BlaueTanke","article_modified_time":"2026-04-23T08:51:28+00:00","twitter_card":"summary_large_image","schema":{"@context":"https:\/\/schema.org","@graph":[{"@type":"WebPage","@id":"https:\/\/blauetanke.net\/cs\/poptavka\/","url":"https:\/\/blauetanke.net\/cs\/poptavka\/","name":"Popt\u00e1vka - BlaueTanke","isPartOf":{"@id":"https:\/\/blauetanke.net\/cs\/#website"},"datePublished":"2026-04-16T13:20:32+00:00","dateModified":"2026-04-23T08:51:28+00:00","breadcrumb":{"@id":"https:\/\/blauetanke.net\/cs\/poptavka\/#breadcrumb"},"inLanguage":"cs","potentialAction":[{"@type":"ReadAction","target":["https:\/\/blauetanke.net\/cs\/poptavka\/"]}]},{"@type":"BreadcrumbList","@id":"https:\/\/blauetanke.net\/cs\/poptavka\/#breadcrumb","itemListElement":[{"@type":"ListItem","position":1,"name":"Start","item":"https:\/\/blauetanke.net\/cs\/"},{"@type":"ListItem","position":2,"name":"Popt\u00e1vka"}]},{"@type":"WebSite","@id":"https:\/\/blauetanke.net\/cs\/#website","url":"https:\/\/blauetanke.net\/cs\/","name":"BlaueTanke","description":"","potentialAction":[{"@type":"SearchAction","target":{"@type":"EntryPoint","urlTemplate":"https:\/\/blauetanke.net\/cs\/?s={search_term_string}"},"query-input":{"@type":"PropertyValueSpecification","valueRequired":true,"valueName":"search_term_string"}}],"inLanguage":"cs"}]}},"_links":{"self":[{"href":"https:\/\/blauetanke.net\/cs\/wp-json\/wp\/v2\/pages\/210","targetHints":{"allow":["GET"]}}],"collection":[{"href":"https:\/\/blauetanke.net\/cs\/wp-json\/wp\/v2\/pages"}],"about":[{"href":"https:\/\/blauetanke.net\/cs\/wp-json\/wp\/v2\/types\/page"}],"author":[{"embeddable":true,"href":"https:\/\/blauetanke.net\/cs\/wp-json\/wp\/v2\/users\/1"}],"replies":[{"embeddable":true,"href":"https:\/\/blauetanke.net\/cs\/wp-json\/wp\/v2\/comments?post=210"}],"version-history":[{"count":3,"href":"https:\/\/blauetanke.net\/cs\/wp-json\/wp\/v2\/pages\/210\/revisions"}],"predecessor-version":[{"id":213,"href":"https:\/\/blauetanke.net\/cs\/wp-json\/wp\/v2\/pages\/210\/revisions\/213"}],"wp:attachment":[{"href":"https:\/\/blauetanke.net\/cs\/wp-json\/wp\/v2\/media?parent=210"}],"curies":[{"name":"wp","href":"https:\/\/api.w.org\/{rel}","templated":true}]}}